{"id":79,"date":"2023-02-20T10:54:18","date_gmt":"2023-02-20T10:54:18","guid":{"rendered":"http:\/\/luminadinlumina.ro\/?page_id=79"},"modified":"2026-03-24T07:53:13","modified_gmt":"2026-03-24T07:53:13","slug":"doneaza","status":"publish","type":"page","link":"https:\/\/luminadinlumina.ro\/index.php\/doneaza\/","title":{"rendered":"Doneaza"},"content":{"rendered":"\n<p>Dac\u0103 dori\u0163i s\u0103 sus\u0163ine\u0163i o parte din cheltuielile acestui proiect, alege una dintre variantele de mai jos:<\/p>\n\n\n\n<p><\/p>\n\n\n\n<ol class=\"wp-block-list\">\n<li><strong>3.5% din impozitul pe venit<\/strong>. Dac\u0103 e\u015fti persoan\u0103 fizic\u0103, po\u0163i redirec\u0163iona cei 3.5% din impozitul pe venit.<\/li>\n<\/ol>\n\n\n\n<p>Completeaza online <a href=\"https:\/\/t.ly\/redirectioneaza\">formularul 230 aici<\/a> si de restul ne vom ocupa noi\/<\/p>\n\n\n\n<p><em><strong>Aten\u0163ie:<\/strong> Formularul 230 poate fi depus p\u00e2n\u0103 \u00een data de <strong>25 Mai 202<\/strong>6. Dac\u0103 dore\u015fti s\u0103 depunem noi formularul, trimite-l p\u00e2n\u0103 \u00een data de <strong>20 Mai 202<\/strong>6.<\/em><\/p>\n\n\n\n<p>Formularul este o metod\u0103 prin care oricine \u00ee\u0219i poate redirec\u021biona p\u00e2n\u0103 la 3,5% din impozitul anual sau pentru o perioad\u0103 de p\u00e2n\u0103 la doi ani c\u0103tre un ONG.<\/p>\n\n\n\n<p>2. <strong>Persoanele juridice<\/strong> pot redirec\u0163iona p\u00e2n\u0103 la 20% din impozit c\u0103tre o asocia\u0163ie non-profit.<\/p>\n\n\n\n<p>Dac\u0103 de\u0163ii o firm\u0103 si dore\u015fti s\u0103 sus\u0163ii programele noastre, contacteaz\u0103-ne \u015fi i\u0163i vom da toate detaliile.<\/p>\n\n\n\n<p>3. <strong>Dona\u0163ie direct\u0103<\/strong> \u00een contul nostru deschis la BCR \u2013 RO68RNCB0245159781580001<\/p>\n\n\n\n<p><\/p>\n","protected":false},"excerpt":{"rendered":"<p>Dac\u0103 dori\u0163i s\u0103 sus\u0163ine\u0163i o parte din cheltuielile acestui proiect, alege una dintre variantele de mai jos: Completeaza online formularul 230 aici si de restul ne vom ocupa noi\/ Aten\u0163ie:&#8230;<\/p>\n","protected":false},"author":1,"featured_media":71,"parent":0,"menu_order":0,"comment_status":"closed","ping_status":"closed","template":"","meta":{"om_disable_all_campaigns":false,"_monsterinsights_skip_tracking":false,"_monsterinsights_sitenote_active":false,"_monsterinsights_sitenote_note":"","_monsterinsights_sitenote_category":0,"footnotes":""},"class_list":["post-79","page","type-page","status-publish","has-post-thumbnail","hentry"],"aioseo_notices":[],"_links":{"self":[{"href":"https:\/\/luminadinlumina.ro\/index.php\/wp-json\/wp\/v2\/pages\/79","targetHints":{"allow":["GET"]}}],"collection":[{"href":"https:\/\/luminadinlumina.ro\/index.php\/wp-json\/wp\/v2\/pages"}],"about":[{"href":"https:\/\/luminadinlumina.ro\/index.php\/wp-json\/wp\/v2\/types\/page"}],"author":[{"embeddable":true,"href":"https:\/\/luminadinlumina.ro\/index.php\/wp-json\/wp\/v2\/users\/1"}],"replies":[{"embeddable":true,"href":"https:\/\/luminadinlumina.ro\/index.php\/wp-json\/wp\/v2\/comments?post=79"}],"version-history":[{"count":5,"href":"https:\/\/luminadinlumina.ro\/index.php\/wp-json\/wp\/v2\/pages\/79\/revisions"}],"predecessor-version":[{"id":15588,"href":"https:\/\/luminadinlumina.ro\/index.php\/wp-json\/wp\/v2\/pages\/79\/revisions\/15588"}],"wp:featuredmedia":[{"embeddable":true,"href":"https:\/\/luminadinlumina.ro\/index.php\/wp-json\/wp\/v2\/media\/71"}],"wp:attachment":[{"href":"https:\/\/luminadinlumina.ro\/index.php\/wp-json\/wp\/v2\/media?parent=79"}],"curies":[{"name":"wp","href":"https:\/\/api.w.org\/{rel}","templated":true}]}}