{"id":39,"date":"2022-02-18T15:01:37","date_gmt":"2022-02-18T15:01:37","guid":{"rendered":"http:\/\/luminadinlumina.ro\/?page_id=39"},"modified":"2025-04-07T06:55:56","modified_gmt":"2025-04-07T06:55:56","slug":"editia-a-vi-a","status":"publish","type":"page","link":"https:\/\/luminadinlumina.ro\/index.php\/editia-a-vi-a\/","title":{"rendered":"Edi\u0163ia a VI-a (2022)"},"content":{"rendered":"\n<p>Concertul a avut loc \u00een data de 9 Aprilie 2022.<\/p>\n\n\n\n<p>Concertul a fost sus\u0163inut de Paula Seling \u015fi Luiza Spiridon, acompaniate de:<br>Andreea Dobia &#8211; Pian<br>Sara Stroici &#8211; Vioar\u0103<br>Alexandru Cri\u015fan &#8211; Vioar\u0103<br>Ovidiu Achim &#8211; Viol\u0103<br>Emese Achim &#8211; Violoncel<br>Robert M\u0103im\u0103scu &#8211; Chitar\u0103<\/p>\n\n\n\n<p>Prezin\u0103 &#8211; Laurentiu Pruna<\/p>\n\n\n\n<p>Pute\u0163i urm\u0103ri concertul aici:<\/p>\n\n\n\n<figure class=\"wp-block-embed is-type-rich is-provider-inglobeaza-manipulantul wp-block-embed-inglobeaza-manipulantul wp-embed-aspect-16-9 wp-has-aspect-ratio\"><div class=\"wp-block-embed__wrapper\">\n<iframe loading=\"lazy\" title=\"Concert Lumin\u0103 din Lumin\u0103  |  Edi\u0163ia a VI-a (2022)\" width=\"1170\" height=\"658\" src=\"https:\/\/www.youtube.com\/embed\/53GM7fNtc9w?feature=oembed\" frameborder=\"0\" allow=\"accelerometer; autoplay; clipboard-write; encrypted-media; gyroscope; picture-in-picture; web-share\" allowfullscreen><\/iframe>\n<\/div><\/figure>\n\n\n\n<figure class=\"wp-block-embed is-type-rich is-provider-inglobeaza-manipulantul wp-block-embed-inglobeaza-manipulantul wp-embed-aspect-16-9 wp-has-aspect-ratio\"><div class=\"wp-block-embed__wrapper\">\n<iframe loading=\"lazy\" title=\"Paula Seling - Concert de Pasti 2022\" width=\"1170\" height=\"658\" src=\"https:\/\/www.youtube.com\/embed\/JpVD-wvoYoE?feature=oembed\" frameborder=\"0\" allow=\"accelerometer; autoplay; clipboard-write; encrypted-media; gyroscope; picture-in-picture; web-share\" allowfullscreen><\/iframe>\n<\/div><\/figure>\n\n\n\n<p><\/p>\n","protected":false},"excerpt":{"rendered":"<p>Concertul a avut loc \u00een data de 9 Aprilie 2022. Concertul a fost sus\u0163inut de Paula Seling \u015fi Luiza Spiridon, acompaniate de:Andreea Dobia &#8211; PianSara Stroici &#8211; Vioar\u0103Alexandru Cri\u015fan &#8211;&#8230;<\/p>\n","protected":false},"author":1,"featured_media":6,"parent":0,"menu_order":0,"comment_status":"closed","ping_status":"closed","template":"","meta":{"om_disable_all_campaigns":false,"_monsterinsights_skip_tracking":false,"_monsterinsights_sitenote_active":false,"_monsterinsights_sitenote_note":"","_monsterinsights_sitenote_category":0,"footnotes":""},"class_list":["post-39","page","type-page","status-publish","has-post-thumbnail","hentry"],"aioseo_notices":[],"_links":{"self":[{"href":"https:\/\/luminadinlumina.ro\/index.php\/wp-json\/wp\/v2\/pages\/39","targetHints":{"allow":["GET"]}}],"collection":[{"href":"https:\/\/luminadinlumina.ro\/index.php\/wp-json\/wp\/v2\/pages"}],"about":[{"href":"https:\/\/luminadinlumina.ro\/index.php\/wp-json\/wp\/v2\/types\/page"}],"author":[{"embeddable":true,"href":"https:\/\/luminadinlumina.ro\/index.php\/wp-json\/wp\/v2\/users\/1"}],"replies":[{"embeddable":true,"href":"https:\/\/luminadinlumina.ro\/index.php\/wp-json\/wp\/v2\/comments?post=39"}],"version-history":[{"count":7,"href":"https:\/\/luminadinlumina.ro\/index.php\/wp-json\/wp\/v2\/pages\/39\/revisions"}],"predecessor-version":[{"id":15440,"href":"https:\/\/luminadinlumina.ro\/index.php\/wp-json\/wp\/v2\/pages\/39\/revisions\/15440"}],"wp:featuredmedia":[{"embeddable":true,"href":"https:\/\/luminadinlumina.ro\/index.php\/wp-json\/wp\/v2\/media\/6"}],"wp:attachment":[{"href":"https:\/\/luminadinlumina.ro\/index.php\/wp-json\/wp\/v2\/media?parent=39"}],"curies":[{"name":"wp","href":"https:\/\/api.w.org\/{rel}","templated":true}]}}