{"id":22,"date":"2022-02-18T14:53:48","date_gmt":"2022-02-18T14:53:48","guid":{"rendered":"http:\/\/luminadinlumina.ro\/?page_id=22"},"modified":"2025-04-07T06:55:49","modified_gmt":"2025-04-07T06:55:49","slug":"editia-a-v-a","status":"publish","type":"page","link":"https:\/\/luminadinlumina.ro\/index.php\/editia-a-v-a\/","title":{"rendered":"Edi\u0163ia a V-a (2021)"},"content":{"rendered":"\n<p>Edi\u0163ia a V-a a concertului &#8222;Lumin\u0103 din Lumin\u0103 a fost sus\u0163inut\u0103 de Luiza Spiridon, Enjoy Group \u015fi Advent Quartet. Aceast\u0103 edi\u0163ie a fost difuzata online din cauza restric\u0163iilor COVID 19.<\/p>\n\n\n\n<p>Concertul poate fi urm\u0103rit aici:<\/p>\n\n\n\n<figure class=\"wp-block-embed is-type-rich is-provider-inglobeaza-manipulantul wp-block-embed-inglobeaza-manipulantul wp-embed-aspect-16-9 wp-has-aspect-ratio\"><div class=\"wp-block-embed__wrapper\">\n<iframe loading=\"lazy\" title=\"Concert Lumina din Lumina, Editia a 5-a - Luiza Spiridon, Enjoy Group, Advent Quartet (2021)\" width=\"1170\" height=\"658\" src=\"https:\/\/www.youtube.com\/embed\/6UivJQZMxM8?feature=oembed\" frameborder=\"0\" allow=\"accelerometer; autoplay; clipboard-write; encrypted-media; gyroscope; picture-in-picture; web-share\" allowfullscreen><\/iframe>\n<\/div><\/figure>\n","protected":false},"excerpt":{"rendered":"<p>Edi\u0163ia a V-a a concertului &#8222;Lumin\u0103 din Lumin\u0103 a fost sus\u0163inut\u0103 de Luiza Spiridon, Enjoy Group \u015fi Advent Quartet. Aceast\u0103 edi\u0163ie a fost difuzata online din cauza restric\u0163iilor COVID 19&#8230;.<\/p>\n","protected":false},"author":1,"featured_media":71,"parent":0,"menu_order":0,"comment_status":"closed","ping_status":"closed","template":"","meta":{"om_disable_all_campaigns":false,"_monsterinsights_skip_tracking":false,"_monsterinsights_sitenote_active":false,"_monsterinsights_sitenote_note":"","_monsterinsights_sitenote_category":0,"footnotes":""},"class_list":["post-22","page","type-page","status-publish","has-post-thumbnail","hentry"],"aioseo_notices":[],"_links":{"self":[{"href":"https:\/\/luminadinlumina.ro\/index.php\/wp-json\/wp\/v2\/pages\/22","targetHints":{"allow":["GET"]}}],"collection":[{"href":"https:\/\/luminadinlumina.ro\/index.php\/wp-json\/wp\/v2\/pages"}],"about":[{"href":"https:\/\/luminadinlumina.ro\/index.php\/wp-json\/wp\/v2\/types\/page"}],"author":[{"embeddable":true,"href":"https:\/\/luminadinlumina.ro\/index.php\/wp-json\/wp\/v2\/users\/1"}],"replies":[{"embeddable":true,"href":"https:\/\/luminadinlumina.ro\/index.php\/wp-json\/wp\/v2\/comments?post=22"}],"version-history":[{"count":4,"href":"https:\/\/luminadinlumina.ro\/index.php\/wp-json\/wp\/v2\/pages\/22\/revisions"}],"predecessor-version":[{"id":15439,"href":"https:\/\/luminadinlumina.ro\/index.php\/wp-json\/wp\/v2\/pages\/22\/revisions\/15439"}],"wp:featuredmedia":[{"embeddable":true,"href":"https:\/\/luminadinlumina.ro\/index.php\/wp-json\/wp\/v2\/media\/71"}],"wp:attachment":[{"href":"https:\/\/luminadinlumina.ro\/index.php\/wp-json\/wp\/v2\/media?parent=22"}],"curies":[{"name":"wp","href":"https:\/\/api.w.org\/{rel}","templated":true}]}}