{"id":20,"date":"2022-02-18T14:53:28","date_gmt":"2022-02-18T14:53:28","guid":{"rendered":"http:\/\/luminadinlumina.ro\/?page_id=20"},"modified":"2025-04-07T06:55:41","modified_gmt":"2025-04-07T06:55:41","slug":"editia-a-iv-a","status":"publish","type":"page","link":"https:\/\/luminadinlumina.ro\/index.php\/editia-a-iv-a\/","title":{"rendered":"Edi\u0163ia a IV-a (2019)"},"content":{"rendered":"\n<p>Edi\u0163ia a IV-a a concertului &#8222;Lumin\u0103 din Lumin\u0103&#8221; a avut loc \u00een data de 13 Aprilie 2019. <\/p>\n\n\n\n<p>Concertul a fost sus\u0163inut de Luiza Spiridon, Enjoy Instrumental Music \u015fi Grup Vocal Unisong.<\/p>\n\n\n\n<p>A prezentat Adi Petreac\u0103.<\/p>\n\n\n\n<p>Invitat special: Vlad Voiculescu<\/p>\n\n\n\n<p>Concertul poate fi urm\u0103rit aici:<\/p>\n\n\n\n<figure class=\"wp-block-embed is-type-rich is-provider-inglobeaza-manipulantul wp-block-embed-inglobeaza-manipulantul wp-embed-aspect-16-9 wp-has-aspect-ratio\"><div class=\"wp-block-embed__wrapper\">\n<iframe loading=\"lazy\" title=\"Concert Lumina din Lumina, Editia a 4-a - Luiza Spiridon, Unisong, Enjoy Instrumental Music (2019)\" width=\"1170\" height=\"658\" src=\"https:\/\/www.youtube.com\/embed\/17lRxXBhztY?feature=oembed\" frameborder=\"0\" allow=\"accelerometer; autoplay; clipboard-write; encrypted-media; gyroscope; picture-in-picture; web-share\" allowfullscreen><\/iframe>\n<\/div><\/figure>\n","protected":false},"excerpt":{"rendered":"<p>Edi\u0163ia a IV-a a concertului &#8222;Lumin\u0103 din Lumin\u0103&#8221; a avut loc \u00een data de 13 Aprilie 2019. Concertul a fost sus\u0163inut de Luiza Spiridon, Enjoy Instrumental Music \u015fi Grup Vocal&#8230;<\/p>\n","protected":false},"author":1,"featured_media":67,"parent":0,"menu_order":0,"comment_status":"closed","ping_status":"closed","template":"","meta":{"om_disable_all_campaigns":false,"_monsterinsights_skip_tracking":false,"_monsterinsights_sitenote_active":false,"_monsterinsights_sitenote_note":"","_monsterinsights_sitenote_category":0,"footnotes":""},"class_list":["post-20","page","type-page","status-publish","has-post-thumbnail","hentry"],"aioseo_notices":[],"_links":{"self":[{"href":"https:\/\/luminadinlumina.ro\/index.php\/wp-json\/wp\/v2\/pages\/20","targetHints":{"allow":["GET"]}}],"collection":[{"href":"https:\/\/luminadinlumina.ro\/index.php\/wp-json\/wp\/v2\/pages"}],"about":[{"href":"https:\/\/luminadinlumina.ro\/index.php\/wp-json\/wp\/v2\/types\/page"}],"author":[{"embeddable":true,"href":"https:\/\/luminadinlumina.ro\/index.php\/wp-json\/wp\/v2\/users\/1"}],"replies":[{"embeddable":true,"href":"https:\/\/luminadinlumina.ro\/index.php\/wp-json\/wp\/v2\/comments?post=20"}],"version-history":[{"count":4,"href":"https:\/\/luminadinlumina.ro\/index.php\/wp-json\/wp\/v2\/pages\/20\/revisions"}],"predecessor-version":[{"id":15438,"href":"https:\/\/luminadinlumina.ro\/index.php\/wp-json\/wp\/v2\/pages\/20\/revisions\/15438"}],"wp:featuredmedia":[{"embeddable":true,"href":"https:\/\/luminadinlumina.ro\/index.php\/wp-json\/wp\/v2\/media\/67"}],"wp:attachment":[{"href":"https:\/\/luminadinlumina.ro\/index.php\/wp-json\/wp\/v2\/media?parent=20"}],"curies":[{"name":"wp","href":"https:\/\/api.w.org\/{rel}","templated":true}]}}