{"id":18,"date":"2022-02-18T14:53:06","date_gmt":"2022-02-18T14:53:06","guid":{"rendered":"http:\/\/luminadinlumina.ro\/?page_id=18"},"modified":"2025-04-07T06:55:33","modified_gmt":"2025-04-07T06:55:33","slug":"editia-a-iii-a","status":"publish","type":"page","link":"https:\/\/luminadinlumina.ro\/index.php\/editia-a-iii-a\/","title":{"rendered":"Edi\u0163ia a III-a (2018)"},"content":{"rendered":"\n<p>Edi\u0163ia a III-a a concertului &#8222;Lumin\u0103 din Lumin\u0103, a avut loc \u00een data de 24 Martie 2018.<\/p>\n\n\n\n<p>\u00cen cadrul concertului au interpretat:<\/p>\n\n\n\n<p>Luiza Spiridon<\/p>\n\n\n\n<p>Grup Vocal Unisong<\/p>\n\n\n\n<p>Enjoy Instrumental Music<\/p>\n\n\n\n<p>Momentele poetice au fost prezentate de Monica \u015eerban<\/p>\n\n\n\n<p>Prezentator: Daniel Bota<\/p>\n\n\n\n<p>Urm\u0103re\u015fte concertul aici:<\/p>\n\n\n\n<figure class=\"wp-block-embed is-type-rich is-provider-inglobeaza-manipulantul wp-block-embed-inglobeaza-manipulantul wp-embed-aspect-16-9 wp-has-aspect-ratio\"><div class=\"wp-block-embed__wrapper\">\n<iframe loading=\"lazy\" title=\"Concert Lumina din Lumina, Editia a III-a (24 Martie 2018)\" width=\"1170\" height=\"658\" src=\"https:\/\/www.youtube.com\/embed\/FyKNNVXplf8?feature=oembed\" frameborder=\"0\" allow=\"accelerometer; autoplay; clipboard-write; encrypted-media; gyroscope; picture-in-picture; web-share\" allowfullscreen><\/iframe>\n<\/div><\/figure>\n","protected":false},"excerpt":{"rendered":"<p>Edi\u0163ia a III-a a concertului &#8222;Lumin\u0103 din Lumin\u0103, a avut loc \u00een data de 24 Martie 2018. \u00cen cadrul concertului au interpretat: Luiza Spiridon Grup Vocal Unisong Enjoy Instrumental Music&#8230;<\/p>\n","protected":false},"author":1,"featured_media":55,"parent":0,"menu_order":0,"comment_status":"closed","ping_status":"closed","template":"","meta":{"om_disable_all_campaigns":false,"_monsterinsights_skip_tracking":false,"_monsterinsights_sitenote_active":false,"_monsterinsights_sitenote_note":"","_monsterinsights_sitenote_category":0,"footnotes":""},"class_list":["post-18","page","type-page","status-publish","has-post-thumbnail","hentry"],"aioseo_notices":[],"_links":{"self":[{"href":"https:\/\/luminadinlumina.ro\/index.php\/wp-json\/wp\/v2\/pages\/18","targetHints":{"allow":["GET"]}}],"collection":[{"href":"https:\/\/luminadinlumina.ro\/index.php\/wp-json\/wp\/v2\/pages"}],"about":[{"href":"https:\/\/luminadinlumina.ro\/index.php\/wp-json\/wp\/v2\/types\/page"}],"author":[{"embeddable":true,"href":"https:\/\/luminadinlumina.ro\/index.php\/wp-json\/wp\/v2\/users\/1"}],"replies":[{"embeddable":true,"href":"https:\/\/luminadinlumina.ro\/index.php\/wp-json\/wp\/v2\/comments?post=18"}],"version-history":[{"count":3,"href":"https:\/\/luminadinlumina.ro\/index.php\/wp-json\/wp\/v2\/pages\/18\/revisions"}],"predecessor-version":[{"id":15437,"href":"https:\/\/luminadinlumina.ro\/index.php\/wp-json\/wp\/v2\/pages\/18\/revisions\/15437"}],"wp:featuredmedia":[{"embeddable":true,"href":"https:\/\/luminadinlumina.ro\/index.php\/wp-json\/wp\/v2\/media\/55"}],"wp:attachment":[{"href":"https:\/\/luminadinlumina.ro\/index.php\/wp-json\/wp\/v2\/media?parent=18"}],"curies":[{"name":"wp","href":"https:\/\/api.w.org\/{rel}","templated":true}]}}