{"id":14,"date":"2022-02-18T06:20:34","date_gmt":"2022-02-18T06:20:34","guid":{"rendered":"http:\/\/luminadinlumina.ro\/?page_id=14"},"modified":"2025-04-07T06:55:17","modified_gmt":"2025-04-07T06:55:17","slug":"editia-ii","status":"publish","type":"page","link":"https:\/\/luminadinlumina.ro\/index.php\/editia-ii\/","title":{"rendered":"Edi\u0163ia II (2017)"},"content":{"rendered":"\n<p>Edi\u0163ia a II-a a concertului &#8222;Lumin\u0103 din Lumin\u0103&#8221;, a avut loc \u00een data de 1 Aprilie 2017.<\/p>\n\n\n\n<p>Concertul a fost sus\u0163inut de:<\/p>\n\n\n\n<p>Luiza Spiridon acompaniat\u0103 la pian de Andreea Dobia \u015fi violoncel Emese Achim.<\/p>\n\n\n\n<p>Invita\u0163i speciali: Lavinia Rusu \u015fi Amuza Sherry.<\/p>\n\n\n\n<p>A prezentat Raluca Mateescu.<\/p>\n\n\n\n<p>Pute\u0163i urm\u0103ri concertul aici:<\/p>\n\n\n\n<figure class=\"wp-block-embed is-type-rich is-provider-inglobeaza-manipulantul wp-block-embed-inglobeaza-manipulantul wp-embed-aspect-16-9 wp-has-aspect-ratio\"><div class=\"wp-block-embed__wrapper\">\n<iframe loading=\"lazy\" title=\"Concert Lumin\u0103 din Lumin\u0103, Edi\u021bia II - Luiza Spiridon\" width=\"1170\" height=\"658\" src=\"https:\/\/www.youtube.com\/embed\/xfBc884DSts?feature=oembed\" frameborder=\"0\" allow=\"accelerometer; autoplay; clipboard-write; encrypted-media; gyroscope; picture-in-picture; web-share\" allowfullscreen><\/iframe>\n<\/div><\/figure>\n","protected":false},"excerpt":{"rendered":"<p>Edi\u0163ia a II-a a concertului &#8222;Lumin\u0103 din Lumin\u0103&#8221;, a avut loc \u00een data de 1 Aprilie 2017. Concertul a fost sus\u0163inut de: Luiza Spiridon acompaniat\u0103 la pian de Andreea Dobia&#8230;<\/p>\n","protected":false},"author":1,"featured_media":15,"parent":0,"menu_order":0,"comment_status":"closed","ping_status":"closed","template":"","meta":{"om_disable_all_campaigns":false,"_monsterinsights_skip_tracking":false,"_monsterinsights_sitenote_active":false,"_monsterinsights_sitenote_note":"","_monsterinsights_sitenote_category":0,"footnotes":""},"class_list":["post-14","page","type-page","status-publish","has-post-thumbnail","hentry"],"aioseo_notices":[],"_links":{"self":[{"href":"https:\/\/luminadinlumina.ro\/index.php\/wp-json\/wp\/v2\/pages\/14","targetHints":{"allow":["GET"]}}],"collection":[{"href":"https:\/\/luminadinlumina.ro\/index.php\/wp-json\/wp\/v2\/pages"}],"about":[{"href":"https:\/\/luminadinlumina.ro\/index.php\/wp-json\/wp\/v2\/types\/page"}],"author":[{"embeddable":true,"href":"https:\/\/luminadinlumina.ro\/index.php\/wp-json\/wp\/v2\/users\/1"}],"replies":[{"embeddable":true,"href":"https:\/\/luminadinlumina.ro\/index.php\/wp-json\/wp\/v2\/comments?post=14"}],"version-history":[{"count":4,"href":"https:\/\/luminadinlumina.ro\/index.php\/wp-json\/wp\/v2\/pages\/14\/revisions"}],"predecessor-version":[{"id":15435,"href":"https:\/\/luminadinlumina.ro\/index.php\/wp-json\/wp\/v2\/pages\/14\/revisions\/15435"}],"wp:featuredmedia":[{"embeddable":true,"href":"https:\/\/luminadinlumina.ro\/index.php\/wp-json\/wp\/v2\/media\/15"}],"wp:attachment":[{"href":"https:\/\/luminadinlumina.ro\/index.php\/wp-json\/wp\/v2\/media?parent=14"}],"curies":[{"name":"wp","href":"https:\/\/api.w.org\/{rel}","templated":true}]}}