{"id":11,"date":"2022-02-18T06:17:29","date_gmt":"2022-02-18T06:17:29","guid":{"rendered":"http:\/\/luminadinlumina.ro\/?page_id=11"},"modified":"2025-04-07T06:55:10","modified_gmt":"2025-04-07T06:55:10","slug":"editia-i","status":"publish","type":"page","link":"https:\/\/luminadinlumina.ro\/index.php\/editia-i\/","title":{"rendered":"Edi\u0163ia I (2016)"},"content":{"rendered":"\n<p>Concertul &#8222;Lumin\u0103 din Lumin\u0103&#8221; a debutat \u00een data de 23 Aprilie 2016.<\/p>\n\n\n\n<p>Concertul a fost sus\u0163inut de Luiza Spiridon, acompaniat\u0103 de Live Band.<\/p>\n\n\n\n<p>Invitat special: C\u0103t\u0103lin G\u00e2\u0163an.<\/p>\n\n\n\n<p>A prezentat: Christian S\u0103lcianu.<\/p>\n\n\n\n<p>Pute\u0163i urm\u0103ri aici acest concert:<\/p>\n\n\n\n<figure class=\"wp-block-embed is-type-rich is-provider-inglobeaza-manipulantul wp-block-embed-inglobeaza-manipulantul wp-embed-aspect-16-9 wp-has-aspect-ratio\"><div class=\"wp-block-embed__wrapper\">\n<iframe loading=\"lazy\" title=\"Concert &quot;Lumin\u0103 din Lumin\u0103&quot; - Luiza Spiridon &amp; LIVE BAND\" width=\"1170\" height=\"658\" src=\"https:\/\/www.youtube.com\/embed\/kKCGwwhlRBI?feature=oembed\" frameborder=\"0\" allow=\"accelerometer; autoplay; clipboard-write; encrypted-media; gyroscope; picture-in-picture; web-share\" allowfullscreen><\/iframe>\n<\/div><\/figure>\n","protected":false},"excerpt":{"rendered":"<p>Concertul &#8222;Lumin\u0103 din Lumin\u0103&#8221; a debutat \u00een data de 23 Aprilie 2016. Concertul a fost sus\u0163inut de Luiza Spiridon, acompaniat\u0103 de Live Band. Invitat special: C\u0103t\u0103lin G\u00e2\u0163an. A prezentat: Christian&#8230;<\/p>\n","protected":false},"author":1,"featured_media":63,"parent":0,"menu_order":0,"comment_status":"closed","ping_status":"closed","template":"","meta":{"om_disable_all_campaigns":false,"_monsterinsights_skip_tracking":false,"_monsterinsights_sitenote_active":false,"_monsterinsights_sitenote_note":"","_monsterinsights_sitenote_category":0,"footnotes":""},"class_list":["post-11","page","type-page","status-publish","has-post-thumbnail","hentry"],"aioseo_notices":[],"_links":{"self":[{"href":"https:\/\/luminadinlumina.ro\/index.php\/wp-json\/wp\/v2\/pages\/11","targetHints":{"allow":["GET"]}}],"collection":[{"href":"https:\/\/luminadinlumina.ro\/index.php\/wp-json\/wp\/v2\/pages"}],"about":[{"href":"https:\/\/luminadinlumina.ro\/index.php\/wp-json\/wp\/v2\/types\/page"}],"author":[{"embeddable":true,"href":"https:\/\/luminadinlumina.ro\/index.php\/wp-json\/wp\/v2\/users\/1"}],"replies":[{"embeddable":true,"href":"https:\/\/luminadinlumina.ro\/index.php\/wp-json\/wp\/v2\/comments?post=11"}],"version-history":[{"count":4,"href":"https:\/\/luminadinlumina.ro\/index.php\/wp-json\/wp\/v2\/pages\/11\/revisions"}],"predecessor-version":[{"id":15434,"href":"https:\/\/luminadinlumina.ro\/index.php\/wp-json\/wp\/v2\/pages\/11\/revisions\/15434"}],"wp:featuredmedia":[{"embeddable":true,"href":"https:\/\/luminadinlumina.ro\/index.php\/wp-json\/wp\/v2\/media\/63"}],"wp:attachment":[{"href":"https:\/\/luminadinlumina.ro\/index.php\/wp-json\/wp\/v2\/media?parent=11"}],"curies":[{"name":"wp","href":"https:\/\/api.w.org\/{rel}","templated":true}]}}